{"id":2453,"date":"2024-06-11T20:20:08","date_gmt":"2024-06-11T18:20:08","guid":{"rendered":"https:\/\/cotenpies.pl\/?page_id=2453"},"modified":"2025-06-15T21:38:01","modified_gmt":"2025-06-15T19:38:01","slug":"regulamin-w-puszczy-z-psem","status":"publish","type":"page","link":"https:\/\/cotenpies.pl\/index.php\/regulamin-w-puszczy-z-psem\/","title":{"rendered":"&#8222;W PUSZCZY Z PSEM&#8221;"},"content":{"rendered":"\n<p><\/p>\n\n\n\n<p><strong>Organizatorem wydarzenia jest:<\/strong><\/p>\n\n\n\n<p><strong>SZKO\u0141A DLA PS\u00d3W W LUBONIU: &#8222;CO TEN PIES?!&#8221;<\/strong><\/p>\n\n\n\n<p><strong>CEL WYDARZENIA:<\/strong><\/p>\n\n\n\n<ol class=\"wp-block-list\">\n<li>Promowanie aktywnego sp\u0119dzania czasu ze swoimi psami.<\/li>\n\n\n\n<li>Edukacja na temat prawid\u0142owego opiekowania si\u0119 zwierz\u0119tami i spe\u0142nianie ich potrzeb.<\/li>\n\n\n\n<li>Promowanie partner\u00f3w i sponsor\u00f3w wydarzenia.<\/li>\n\n\n\n<li>Propagowanie wzbogaconych spacer\u00f3w z psem.<\/li>\n<\/ol>\n\n\n\n<p><strong>TERMIN I MIEJSCE:<\/strong><\/p>\n\n\n\n<p>06.07.2025 w miejscowo\u015bci St\u0119szewko ko\u0142o Pobiedzisk.<\/p>\n\n\n\n<p>Baz\u0105 wydarzenia jest \u015awietlica Wiejska w St\u0119szewku na ul. Wiejskiej 3B, gdzie b\u0119dzie odbywa\u0142 si\u0119 zar\u00f3wno start jak i fina\u0142. <br>Mapka dojazdu b\u0119dzie rozsy\u0142ana do uczestnik\u00f3w wraz z potwierdzeniem otrzymania przelewu.<\/p>\n\n\n\n<p>Trasa dogtrekkingu to ok. 8 km urokliwymi le\u015bnymi \u015bcie\u017ckami.<\/p>\n\n\n\n<div style=\"height:50px\" aria-hidden=\"true\" class=\"wp-block-spacer\"><\/div>\n\n\n\n<p><strong>ZG\u0141OSZENIE:<\/strong><\/p>\n\n\n\n<p>Aby wzi\u0105\u0107 udzia\u0142 w wydarzeniu nale\u017cy wype\u0142ni\u0107 formularz zg\u0142oszeniowy oraz ui\u015bci\u0107 op\u0142at\u0119 w wysoko\u015bci <strong>160 z\u0142 <\/strong>(zesp\u00f3\u0142 opiekun + pies), ka\u017cda kolejna osoba w zespole to <strong>40 z\u0142<\/strong>, dzieci <strong>20 z\u0142<\/strong>, a ka\u017cdy kolejny pies w zespole to <strong>30 z\u0142.<\/strong><\/p>\n\n\n\n<p>Op\u0142ata jest gwarancj\u0105 zarezerwowania uczestnictwa w wydarzeniu i nie podlega zwrotowi.<\/p>\n\n\n\n<p>Organizator po otrzymaniu formularza zg\u0142oszeniowego, w ci\u0105gu trzech dni roboczych wysy\u0142a informacj\u0119 zwrotn\u0105 o zakwalifikowaniu si\u0119 (b\u0105d\u017a te\u017c nie), do udzia\u0142u w wydarzeniu oraz dane do przelewu. Zg\u0142oszony zesp\u00f3\u0142 ma 72 godziny na op\u0142acenie uczestnictwa, po tym czasie zostaje wypisany z listy.<\/p>\n\n\n\n<div style=\"height:50px\" aria-hidden=\"true\" class=\"wp-block-spacer\"><\/div>\n\n\n\n<p><strong>PROGRAM WYDARZENIA:<\/strong><\/p>\n\n\n\n<p>09:00 &#8211; rejestracja uczestnik\u00f3w<\/p>\n\n\n\n<p>10:00 &#8211; start uczestnik\u00f3w\u00a0<\/p>\n\n\n\n<p>13:00 \/ 13:30 &#8211; start konkurs\u00f3w<\/p>\n\n\n\n<p>16:00 &#8211; zako\u0144czenie wydarzenia<\/p>\n\n\n\n<div style=\"height:50px\" aria-hidden=\"true\" class=\"wp-block-spacer\"><\/div>\n\n\n\n<p><strong>REGULAMIN:<\/strong><\/p>\n\n\n\n<ol class=\"wp-block-list\">\n<li>Uczestnicy zobowi\u0105zani s\u0105 do przestrzegania obowi\u0105zuj\u0105cych przepis\u00f3w prawa oraz regulamin\u00f3w, ze szczeg\u00f3lnym uwzgl\u0119dnieniem przepis\u00f3w dotycz\u0105cych teren\u00f3w le\u015bnych,<strong> w tym zbierania odchod\u00f3w po swoim psie.<\/strong><\/li>\n\n\n\n<li>Uczestnicy zobligowani s\u0105 zachowywa\u0107 si\u0119 w spos\u00f3b niezagra\u017caj\u0105cy bezpiecze\u0144stwu innych os\u00f3b oraz ps\u00f3w, a w szczeg\u00f3lno\u015bci przestrzegania postanowie\u0144 Regulaminu. Zakazane jest niszczenie jakichkolwiek oznacze\u0144, tablic, sprz\u0119tu itp.<\/li>\n\n\n\n<li>Uczestnicy musz\u0105 mie\u0107 uko\u0144czone 18. lat, natomiast osoby niepe\u0142noletnie mog\u0105 wzi\u0105\u0107 udzia\u0142 wraz z pe\u0142noletnim opiekunem.<\/li>\n\n\n\n<li>Osoby bior\u0105ce udzia\u0142 na w\u0142asn\u0105 odpowiedzialno\u015b\u0107 deklaruj\u0105, \u017ce s\u0105 zdrowe i zdolne do wysi\u0142ku fizycznego.<\/li>\n\n\n\n<li><strong>Uczestnik deklaruje, \u017ce pies jest zdrowy i wolny od b\u00f3lu.<\/strong><\/li>\n\n\n\n<li>Ka\u017cdy uczestnik zobowi\u0105zany jest do wype\u0142nienia formularzu zg\u0142oszeniowego oraz uiszczenia op\u0142aty za udzia\u0142.<\/li>\n\n\n\n<li>Ka\u017cdy pies musi by\u0107 zaszczepiony i zdrowy, bez oznak niepe\u0142nosprawno\u015bci, a w\u0142a\u015bciciel <strong>MUSI POSIADA\u0106 KSI\u0104\u017bECZK\u0118 SZCZEPIE\u0143 PSA PRZY SOBIE.<\/strong><\/li>\n\n\n\n<li>Organizator zastrzega sobie prawo do nie dopuszczenia uczestnika do startu bez mo\u017cliwo\u015bci odwo\u0142ania.<\/li>\n\n\n\n<li>Opiekun musi posiada\u0107 smycz (preferowana linka 5m), szelki (ewentualnie obro\u017c\u0119, jednak zalecane s\u0105 szelki).<\/li>\n\n\n\n<li>W podr\u0119cznym ekwipunku, zesp\u00f3\u0142 musi posiada\u0107 KAGANIEC<\/li>\n\n\n\n<li>Zabronione jest u\u017cywanie d\u0142awika, kolczatki, obro\u017cy zaciskowej oraz smyczy typu flexi. Je\u015bli zesp\u00f3\u0142 biegnie, pies musi posiada\u0107 szelki.&nbsp;<\/li>\n\n\n\n<li>Ze wzgl\u0119d\u00f3w bezpiecze\u0144stwa zabroniony jest udzia\u0142 os\u00f3b poruszaj\u0105cych si\u0119 na rowerach, hulajnogach, biegaj\u0105cych z w\u00f3zkiem itp.<\/li>\n\n\n\n<li>Zabrania si\u0119 wnoszenia na teren pikniku \u015brodk\u00f3w odurzaj\u0105cych, dopingowych, nielegalnych substancji oraz napoj\u00f3w alkoholowych.<\/li>\n\n\n\n<li>Uczestnikom zabrania si\u0119 za\u017cywania i posiadania wy\u017cej wymienionych substancji zar\u00f3wno przed jak i w trakcie trwania imprezy.<\/li>\n\n\n\n<li>Ka\u017cdy uczestnik jest zobowi\u0105zany do sprawowania sta\u0142ej opieki nad swoim pupilem. Zabrania si\u0119 puszczania ps\u00f3w luzem oraz pozostawiania ich bez opieki (np. przywi\u0105zanych do p\u0142otu, drzew).<\/li>\n\n\n\n<li>Ka\u017cdy uczestnik bierze pe\u0142n\u0105 odpowiedzialno\u015b\u0107 za szkody, jakie wyrz\u0105dzi on b\u0105d\u017a jego pies.<\/li>\n\n\n\n<li>Zabrania si\u0119 startowania z psami niedostosowanymi do warunk\u00f3w imprezy (problemy behawioralne, silna agresja, l\u0119k itp.).<\/li>\n\n\n\n<li>Zabrania si\u0119 zmuszania psa do marszu wbrew jego woli oraz dzia\u0142ania w spos\u00f3b powoduj\u0105cy u niego b\u00f3l i\/lub stres.<\/li>\n\n\n\n<li>Zabrania si\u0119 udzia\u0142u suk b\u0119d\u0105cych w ci\u0105\u017cy zaawansowanej oraz do 6 tygodni po porodzie.&nbsp;<\/li>\n\n\n\n<li><strong>Zabrania si\u0119 udzia\u0142u ps\u00f3w poni\u017cej 6 miesi\u0105ca \u017cycia.<\/strong><\/li>\n\n\n\n<li><strong>Zabrania si\u0119 podj\u0119cia biegu z psem w wieku poni\u017cej 1,5 roku.<\/strong><\/li>\n\n\n\n<li>Uczestnicy musz\u0105 posiada\u0107 zapas wody dla siebie i swoich ps\u00f3w.<\/li>\n\n\n\n<li>W trakcie trwania imprezy uczestnicy s\u0105 zobowi\u0105zani do utrzymania czysto\u015bci po swoich psach.<\/li>\n\n\n\n<li>Organizatorzy imprezy nie odpowiadaj\u0105 za zniszczenia wyrz\u0105dzone podczas zawod\u00f3w przez zwierz\u0119ta.<\/li>\n\n\n\n<li>Organizatorzy nie odpowiadaj\u0105 za rzeczy zgubione na trasie oraz w miejscu startu\/mety.<\/li>\n\n\n\n<li>Organizatorzy nie ponosz\u0105 odpowiedzialno\u015bci materialnej za rzeczy zniszczone, uszkodzone na trasie, w miejscu startu\/mety, b\u0119d\u0105ce rzeczami osobistymi uczestnika zawod\u00f3w.<\/li>\n\n\n\n<li>Organizator nie ponosi odpowiedzialno\u015bci w razie ucieczki psa.<\/li>\n<\/ol>\n\n\n\n<div style=\"height:47px\" aria-hidden=\"true\" class=\"wp-block-spacer\"><\/div>\n\n\n\n<p><strong>Co zabra\u0107 ze sob\u0105?\u00a0<\/strong><\/p>\n\n\n\n<ul class=\"wp-block-list\">\n<li><strong>dow\u00f3d osobisty<\/strong><\/li>\n\n\n\n<li><strong>ksi\u0105\u017ceczk\u0119 zdrowia psa oraz za\u015bwiadczenie o aktualnym<\/strong> <strong>szczepieniu<\/strong><\/li>\n\n\n\n<li>odpowiedni\u0105 smycz i <strong>kaganiec<\/strong><\/li>\n\n\n\n<li>wod\u0119 i misk\u0119 dla psa na tras\u0119<\/li>\n\n\n\n<li>woreczki na nieczysto\u015bci<\/li>\n\n\n\n<li>w\u0142asny kubek na kaw\u0119 lub herbat\u0119<\/li>\n\n\n\n<li>koc lub krzese\u0142ko turystyczne aby usi\u0105\u015b\u0107 wygodnie na trawie (b\u0119dzie te\u017c kilka \u0142awek i krzese\u0142 na miejscu)<\/li>\n\n\n\n<li>klatk\u0119 kennelow\u0105 lub transporter je\u015bli pies lubi albo potrzebuje <\/li>\n\n\n\n<li>mo\u017ce si\u0119 przyda\u0107 parasol lub namiot pla\u017cowy, kt\u00f3ry ochroni przed s\u0142o\u0144cem w trakcie pikniku <\/li>\n\n\n\n<li>\u015brodki ochronne przed kleszczami i komarami<\/li>\n\n\n\n<li>po\u017cywienie dla siebie i psa (planowany pocz\u0119stunek odb\u0119dzie si\u0119 po uko\u0144czeniu trasy)<\/li>\n\n\n\n<li>kremy ochronne z filtrem<\/li>\n\n\n\n<li>czapk\u0119 z daszkiem, okulary przeciws\u0142oneczne je\u015bli potrzebujecie<\/li>\n\n\n\n<li>odpowiedni ubi\u00f3r dla siebie i dla psa &#8211; mo\u017ce pada\u0107, mo\u017ce by\u0107 gor\u0105co, ale mo\u017ce by\u0107 te\u017c mokro na trasie<\/li>\n\n\n\n<li>dobry nastr\u00f3j \ud83d\ude0a<\/li>\n<\/ul>\n\n\n\n<div style=\"height:50px\" aria-hidden=\"true\" class=\"wp-block-spacer\"><\/div>\n\n\n\n<ul class=\"wp-block-list\"><\/ul>\n\n\n<div class=\"wp-block-image\">\n<figure class=\"aligncenter size-large\"><img loading=\"lazy\" decoding=\"async\" width=\"1024\" height=\"256\" src=\"https:\/\/cotenpies.pl\/wp-content\/uploads\/2025\/06\/Formularze-tlo-1024x256.png\" alt=\"\" class=\"wp-image-2686\" srcset=\"https:\/\/cotenpies.pl\/wp-content\/uploads\/2025\/06\/Formularze-tlo-1024x256.png 1024w, https:\/\/cotenpies.pl\/wp-content\/uploads\/2025\/06\/Formularze-tlo-300x75.png 300w, https:\/\/cotenpies.pl\/wp-content\/uploads\/2025\/06\/Formularze-tlo-768x192.png 768w, https:\/\/cotenpies.pl\/wp-content\/uploads\/2025\/06\/Formularze-tlo-1536x384.png 1536w, https:\/\/cotenpies.pl\/wp-content\/uploads\/2025\/06\/Formularze-tlo.png 1600w\" sizes=\"auto, (max-width: 1024px) 100vw, 1024px\" \/><\/figure><\/div>\n\n\n<div style=\"height:47px\" aria-hidden=\"true\" class=\"wp-block-spacer\"><\/div>\n","protected":false},"excerpt":{"rendered":"<p>Organizatorem wydarzenia jest: SZKO\u0141A DLA PS\u00d3W W LUBONIU: &#8222;CO TEN PIES?!&#8221; CEL WYDARZENIA: TERMIN I MIEJSCE: 06.07.2025 w miejscowo\u015bci St\u0119szewko ko\u0142o Pobiedzisk. Baz\u0105 wydarzenia jest \u015awietlica Wiejska w St\u0119szewku na ul. Wiejskiej 3B, gdzie b\u0119dzie odbywa\u0142 si\u0119 zar\u00f3wno start jak i fina\u0142. Mapka dojazdu b\u0119dzie rozsy\u0142ana do uczestnik\u00f3w wraz z potwierdzeniem otrzymania przelewu. Trasa dogtrekkingu [&hellip;]<\/p>\n","protected":false},"author":2,"featured_media":2455,"parent":0,"menu_order":0,"comment_status":"closed","ping_status":"closed","template":"","meta":{"_monsterinsights_skip_tracking":false,"_monsterinsights_sitenote_active":false,"_monsterinsights_sitenote_note":"","_monsterinsights_sitenote_category":0,"footnotes":""},"class_list":["post-2453","page","type-page","status-publish","has-post-thumbnail","hentry"],"featured_image_src":"https:\/\/cotenpies.pl\/wp-content\/uploads\/2024\/06\/W-PUSZCZY-1920-\u00d7-1080-px.png","yoast_head":"<!-- This site is optimized with the Yoast SEO plugin v23.5 - https:\/\/yoast.com\/wordpress\/plugins\/seo\/ -->\n<title>&quot;W PUSZCZY Z PSEM&quot; - CO TEN PIES?!<\/title>\n<meta name=\"robots\" content=\"index, follow, max-snippet:-1, max-image-preview:large, max-video-preview:-1\" \/>\n<link rel=\"canonical\" href=\"https:\/\/cotenpies.pl\/index.php\/regulamin-w-puszczy-z-psem\/\" \/>\n<meta property=\"og:locale\" content=\"pl_PL\" \/>\n<meta property=\"og:type\" content=\"article\" \/>\n<meta property=\"og:title\" content=\"&quot;W PUSZCZY Z PSEM&quot; - CO TEN PIES?!\" \/>\n<meta property=\"og:description\" content=\"Organizatorem wydarzenia jest: SZKO\u0141A DLA PS\u00d3W W LUBONIU: &#8222;CO TEN PIES?!&#8221; CEL WYDARZENIA: TERMIN I MIEJSCE: 06.07.2025 w miejscowo\u015bci St\u0119szewko ko\u0142o Pobiedzisk. Baz\u0105 wydarzenia jest \u015awietlica Wiejska w St\u0119szewku na ul. Wiejskiej 3B, gdzie b\u0119dzie odbywa\u0142 si\u0119 zar\u00f3wno start jak i fina\u0142. Mapka dojazdu b\u0119dzie rozsy\u0142ana do uczestnik\u00f3w wraz z potwierdzeniem otrzymania przelewu. Trasa dogtrekkingu [&hellip;]\" \/>\n<meta property=\"og:url\" content=\"https:\/\/cotenpies.pl\/index.php\/regulamin-w-puszczy-z-psem\/\" \/>\n<meta property=\"og:site_name\" content=\"CO TEN PIES?!\" \/>\n<meta property=\"article:publisher\" content=\"https:\/\/www.facebook.com\/CoTenPies\" \/>\n<meta property=\"article:modified_time\" content=\"2025-06-15T19:38:01+00:00\" \/>\n<meta property=\"og:image\" content=\"https:\/\/cotenpies.pl\/wp-content\/uploads\/2024\/06\/W-PUSZCZY-1920-\u00d7-1080-px.png\" \/>\n\t<meta property=\"og:image:width\" content=\"1920\" \/>\n\t<meta property=\"og:image:height\" content=\"1080\" \/>\n\t<meta property=\"og:image:type\" content=\"image\/png\" \/>\n<meta name=\"twitter:card\" content=\"summary_large_image\" \/>\n<meta name=\"twitter:label1\" content=\"Szacowany czas czytania\" \/>\n\t<meta name=\"twitter:data1\" content=\"5 minut\" \/>\n<script type=\"application\/ld+json\" class=\"yoast-schema-graph\">{\"@context\":\"https:\/\/schema.org\",\"@graph\":[{\"@type\":\"WebPage\",\"@id\":\"https:\/\/cotenpies.pl\/index.php\/regulamin-w-puszczy-z-psem\/\",\"url\":\"https:\/\/cotenpies.pl\/index.php\/regulamin-w-puszczy-z-psem\/\",\"name\":\"\\\"W PUSZCZY Z PSEM\\\" - CO TEN PIES?!\",\"isPartOf\":{\"@id\":\"https:\/\/cotenpies.pl\/#website\"},\"primaryImageOfPage\":{\"@id\":\"https:\/\/cotenpies.pl\/index.php\/regulamin-w-puszczy-z-psem\/#primaryimage\"},\"image\":{\"@id\":\"https:\/\/cotenpies.pl\/index.php\/regulamin-w-puszczy-z-psem\/#primaryimage\"},\"thumbnailUrl\":\"https:\/\/cotenpies.pl\/wp-content\/uploads\/2024\/06\/W-PUSZCZY-1920-\u00d7-1080-px.png\",\"datePublished\":\"2024-06-11T18:20:08+00:00\",\"dateModified\":\"2025-06-15T19:38:01+00:00\",\"breadcrumb\":{\"@id\":\"https:\/\/cotenpies.pl\/index.php\/regulamin-w-puszczy-z-psem\/#breadcrumb\"},\"inLanguage\":\"pl-PL\",\"potentialAction\":[{\"@type\":\"ReadAction\",\"target\":[\"https:\/\/cotenpies.pl\/index.php\/regulamin-w-puszczy-z-psem\/\"]}]},{\"@type\":\"ImageObject\",\"inLanguage\":\"pl-PL\",\"@id\":\"https:\/\/cotenpies.pl\/index.php\/regulamin-w-puszczy-z-psem\/#primaryimage\",\"url\":\"https:\/\/cotenpies.pl\/wp-content\/uploads\/2024\/06\/W-PUSZCZY-1920-\u00d7-1080-px.png\",\"contentUrl\":\"https:\/\/cotenpies.pl\/wp-content\/uploads\/2024\/06\/W-PUSZCZY-1920-\u00d7-1080-px.png\",\"width\":1920,\"height\":1080,\"caption\":\"W PUSZCZY PSEM\"},{\"@type\":\"BreadcrumbList\",\"@id\":\"https:\/\/cotenpies.pl\/index.php\/regulamin-w-puszczy-z-psem\/#breadcrumb\",\"itemListElement\":[{\"@type\":\"ListItem\",\"position\":1,\"name\":\"Home\",\"item\":\"https:\/\/cotenpies.pl\/\"},{\"@type\":\"ListItem\",\"position\":2,\"name\":\"&#8222;W PUSZCZY Z PSEM&#8221;\"}]},{\"@type\":\"WebSite\",\"@id\":\"https:\/\/cotenpies.pl\/#website\",\"url\":\"https:\/\/cotenpies.pl\/\",\"name\":\"CO TEN PIES?!\",\"description\":\"Szkolenie ps\u00f3w, behawiorysta ps\u00f3w i kot\u00f3w\",\"publisher\":{\"@id\":\"https:\/\/cotenpies.pl\/#organization\"},\"alternateName\":\"Szkolenie ps\u00f3w Asia Jankowska\",\"potentialAction\":[{\"@type\":\"SearchAction\",\"target\":{\"@type\":\"EntryPoint\",\"urlTemplate\":\"https:\/\/cotenpies.pl\/?s={search_term_string}\"},\"query-input\":{\"@type\":\"PropertyValueSpecification\",\"valueRequired\":true,\"valueName\":\"search_term_string\"}}],\"inLanguage\":\"pl-PL\"},{\"@type\":\"Organization\",\"@id\":\"https:\/\/cotenpies.pl\/#organization\",\"name\":\"Co ten pies?! - Szkolenie ps\u00f3w - Behawiorysta ps\u00f3w i kot\u00f3w\",\"alternateName\":\"Szkolenie ps\u00f3w, behawiorysta ps\u00f3w\",\"url\":\"https:\/\/cotenpies.pl\/\",\"logo\":{\"@type\":\"ImageObject\",\"inLanguage\":\"pl-PL\",\"@id\":\"https:\/\/cotenpies.pl\/#\/schema\/logo\/image\/\",\"url\":\"https:\/\/cotenpies.pl\/wp-content\/uploads\/2021\/03\/cropped-cropped-Logo-2-1.png\",\"contentUrl\":\"https:\/\/cotenpies.pl\/wp-content\/uploads\/2021\/03\/cropped-cropped-Logo-2-1.png\",\"width\":3776,\"height\":2790,\"caption\":\"Co ten pies?! - Szkolenie ps\u00f3w - Behawiorysta ps\u00f3w i kot\u00f3w\"},\"image\":{\"@id\":\"https:\/\/cotenpies.pl\/#\/schema\/logo\/image\/\"},\"sameAs\":[\"https:\/\/www.facebook.com\/CoTenPies\",\"https:\/\/www.instagram.com\/co_ten_pies\/\"]}]}<\/script>\n<!-- \/ Yoast SEO plugin. -->","yoast_head_json":{"title":"\"W PUSZCZY Z PSEM\" - CO TEN PIES?!","robots":{"index":"index","follow":"follow","max-snippet":"max-snippet:-1","max-image-preview":"max-image-preview:large","max-video-preview":"max-video-preview:-1"},"canonical":"https:\/\/cotenpies.pl\/index.php\/regulamin-w-puszczy-z-psem\/","og_locale":"pl_PL","og_type":"article","og_title":"\"W PUSZCZY Z PSEM\" - CO TEN PIES?!","og_description":"Organizatorem wydarzenia jest: SZKO\u0141A DLA PS\u00d3W W LUBONIU: &#8222;CO TEN PIES?!&#8221; CEL WYDARZENIA: TERMIN I MIEJSCE: 06.07.2025 w miejscowo\u015bci St\u0119szewko ko\u0142o Pobiedzisk. Baz\u0105 wydarzenia jest \u015awietlica Wiejska w St\u0119szewku na ul. Wiejskiej 3B, gdzie b\u0119dzie odbywa\u0142 si\u0119 zar\u00f3wno start jak i fina\u0142. Mapka dojazdu b\u0119dzie rozsy\u0142ana do uczestnik\u00f3w wraz z potwierdzeniem otrzymania przelewu. Trasa dogtrekkingu [&hellip;]","og_url":"https:\/\/cotenpies.pl\/index.php\/regulamin-w-puszczy-z-psem\/","og_site_name":"CO TEN PIES?!","article_publisher":"https:\/\/www.facebook.com\/CoTenPies","article_modified_time":"2025-06-15T19:38:01+00:00","og_image":[{"width":1920,"height":1080,"url":"https:\/\/cotenpies.pl\/wp-content\/uploads\/2024\/06\/W-PUSZCZY-1920-\u00d7-1080-px.png","type":"image\/png"}],"twitter_card":"summary_large_image","twitter_misc":{"Szacowany czas czytania":"5 minut"},"schema":{"@context":"https:\/\/schema.org","@graph":[{"@type":"WebPage","@id":"https:\/\/cotenpies.pl\/index.php\/regulamin-w-puszczy-z-psem\/","url":"https:\/\/cotenpies.pl\/index.php\/regulamin-w-puszczy-z-psem\/","name":"\"W PUSZCZY Z PSEM\" - CO TEN PIES?!","isPartOf":{"@id":"https:\/\/cotenpies.pl\/#website"},"primaryImageOfPage":{"@id":"https:\/\/cotenpies.pl\/index.php\/regulamin-w-puszczy-z-psem\/#primaryimage"},"image":{"@id":"https:\/\/cotenpies.pl\/index.php\/regulamin-w-puszczy-z-psem\/#primaryimage"},"thumbnailUrl":"https:\/\/cotenpies.pl\/wp-content\/uploads\/2024\/06\/W-PUSZCZY-1920-\u00d7-1080-px.png","datePublished":"2024-06-11T18:20:08+00:00","dateModified":"2025-06-15T19:38:01+00:00","breadcrumb":{"@id":"https:\/\/cotenpies.pl\/index.php\/regulamin-w-puszczy-z-psem\/#breadcrumb"},"inLanguage":"pl-PL","potentialAction":[{"@type":"ReadAction","target":["https:\/\/cotenpies.pl\/index.php\/regulamin-w-puszczy-z-psem\/"]}]},{"@type":"ImageObject","inLanguage":"pl-PL","@id":"https:\/\/cotenpies.pl\/index.php\/regulamin-w-puszczy-z-psem\/#primaryimage","url":"https:\/\/cotenpies.pl\/wp-content\/uploads\/2024\/06\/W-PUSZCZY-1920-\u00d7-1080-px.png","contentUrl":"https:\/\/cotenpies.pl\/wp-content\/uploads\/2024\/06\/W-PUSZCZY-1920-\u00d7-1080-px.png","width":1920,"height":1080,"caption":"W PUSZCZY PSEM"},{"@type":"BreadcrumbList","@id":"https:\/\/cotenpies.pl\/index.php\/regulamin-w-puszczy-z-psem\/#breadcrumb","itemListElement":[{"@type":"ListItem","position":1,"name":"Home","item":"https:\/\/cotenpies.pl\/"},{"@type":"ListItem","position":2,"name":"&#8222;W PUSZCZY Z PSEM&#8221;"}]},{"@type":"WebSite","@id":"https:\/\/cotenpies.pl\/#website","url":"https:\/\/cotenpies.pl\/","name":"CO TEN PIES?!","description":"Szkolenie ps\u00f3w, behawiorysta ps\u00f3w i kot\u00f3w","publisher":{"@id":"https:\/\/cotenpies.pl\/#organization"},"alternateName":"Szkolenie ps\u00f3w Asia Jankowska","potentialAction":[{"@type":"SearchAction","target":{"@type":"EntryPoint","urlTemplate":"https:\/\/cotenpies.pl\/?s={search_term_string}"},"query-input":{"@type":"PropertyValueSpecification","valueRequired":true,"valueName":"search_term_string"}}],"inLanguage":"pl-PL"},{"@type":"Organization","@id":"https:\/\/cotenpies.pl\/#organization","name":"Co ten pies?! - Szkolenie ps\u00f3w - Behawiorysta ps\u00f3w i kot\u00f3w","alternateName":"Szkolenie ps\u00f3w, behawiorysta ps\u00f3w","url":"https:\/\/cotenpies.pl\/","logo":{"@type":"ImageObject","inLanguage":"pl-PL","@id":"https:\/\/cotenpies.pl\/#\/schema\/logo\/image\/","url":"https:\/\/cotenpies.pl\/wp-content\/uploads\/2021\/03\/cropped-cropped-Logo-2-1.png","contentUrl":"https:\/\/cotenpies.pl\/wp-content\/uploads\/2021\/03\/cropped-cropped-Logo-2-1.png","width":3776,"height":2790,"caption":"Co ten pies?! - Szkolenie ps\u00f3w - Behawiorysta ps\u00f3w i kot\u00f3w"},"image":{"@id":"https:\/\/cotenpies.pl\/#\/schema\/logo\/image\/"},"sameAs":["https:\/\/www.facebook.com\/CoTenPies","https:\/\/www.instagram.com\/co_ten_pies\/"]}]}},"_links":{"self":[{"href":"https:\/\/cotenpies.pl\/index.php\/wp-json\/wp\/v2\/pages\/2453","targetHints":{"allow":["GET"]}}],"collection":[{"href":"https:\/\/cotenpies.pl\/index.php\/wp-json\/wp\/v2\/pages"}],"about":[{"href":"https:\/\/cotenpies.pl\/index.php\/wp-json\/wp\/v2\/types\/page"}],"author":[{"embeddable":true,"href":"https:\/\/cotenpies.pl\/index.php\/wp-json\/wp\/v2\/users\/2"}],"replies":[{"embeddable":true,"href":"https:\/\/cotenpies.pl\/index.php\/wp-json\/wp\/v2\/comments?post=2453"}],"version-history":[{"count":8,"href":"https:\/\/cotenpies.pl\/index.php\/wp-json\/wp\/v2\/pages\/2453\/revisions"}],"predecessor-version":[{"id":2687,"href":"https:\/\/cotenpies.pl\/index.php\/wp-json\/wp\/v2\/pages\/2453\/revisions\/2687"}],"wp:featuredmedia":[{"embeddable":true,"href":"https:\/\/cotenpies.pl\/index.php\/wp-json\/wp\/v2\/media\/2455"}],"wp:attachment":[{"href":"https:\/\/cotenpies.pl\/index.php\/wp-json\/wp\/v2\/media?parent=2453"}],"curies":[{"name":"wp","href":"https:\/\/api.w.org\/{rel}","templated":true}]}}