{"id":2254,"date":"2024-01-11T17:40:55","date_gmt":"2024-01-11T16:40:55","guid":{"rendered":"https:\/\/cotenpies.pl\/?page_id=2254"},"modified":"2025-02-12T23:54:29","modified_gmt":"2025-02-12T22:54:29","slug":"regulamin","status":"publish","type":"page","link":"https:\/\/cotenpies.pl\/index.php\/regulamin\/","title":{"rendered":"Regulamin uczestnictwa w spotkaniach"},"content":{"rendered":"\n<p>Uczestnictwo w zaj\u0119ciach jest jednoznaczne z akceptacj\u0105 tego regulaminu. Na ko\u0144cu wpisu kr\u00f3tkie wyja\u015bnienie w zwi\u0105zku z cz\u0119sto zadawanymi pytaniami odno\u015bnie niekt\u00f3rych zasad. <\/p>\n\n\n\n<h2 class=\"wp-block-heading\">Treningi indywidualne na placu oraz treningi grupowe<\/h2>\n\n\n\n<ol class=\"wp-block-list\">\n<li>Odwo\u0142anie zaj\u0119\u0107 przez kursanta: <br>Zaj\u0119cia mo\u017cna odwo\u0142a\u0107 poprzez wys\u0142anie do trenera\/behawiorysty wiadomo\u015bci SMS, telefonicznie lub skontaktowanie si\u0119 przez Instagram\/Facebook\/WhatsApp: <br>&#8211; bezp\u0142atnie: przynajmniej <strong>24 godziny<\/strong> przed planowanym spotkaniem<br>&#8211; 50% koszt\u00f3w spotkania: odwo\u0142anie zaj\u0119\u0107 dalej jak 24 godziny ale nie p\u00f3\u017aniej jak 3 godziny przed spotkaniem<br>&#8211; ca\u0142kowite pokrycie koszt\u00f3w spotkania: odwo\u0142anie zaj\u0119\u0107 3 godziny przed spotkaniem lub p\u00f3\u017aniej, lub nie pojawienie si\u0119 na zaj\u0119ciach.<\/li>\n\n\n\n<li>W razie sp\u00f3\u017anienia uczestnika, zaj\u0119cia trwaj\u0105 pozosta\u0142\u0105 cz\u0119\u015b\u0107 zaplanowanego czasu.<\/li>\n\n\n\n<li>Cieczk\u0119 u suni nale\u017cy zg\u0142osi\u0107 przed zaj\u0119ciami.<\/li>\n\n\n\n<li>Psy ucz\u0119szczaj\u0105ce na zaj\u0119cia musz\u0105 by\u0107 zdrowe, zabezpieczone przeciwko paso\u017cytom zewn\u0119trznym, regularnie odrobaczane lub badane na obecno\u015b\u0107 paso\u017cyt\u00f3w wewn\u0119trznych oraz posiada\u0107 <strong>aktualne szczepienie przeciwko w\u015bciekli\u017anie<\/strong> (wyj\u0105tek stanowi\u0105 szczeniaki, kt\u00f3re nie uko\u0144czy\u0142y jeszcze pe\u0142nego cyklu szczepie\u0144).<\/li>\n\n\n\n<li>Je\u015bli pies jest chory (<strong>kaszel kennelowy, choroba Rubartha<\/strong>), w trakcie leczenia (<strong>wirusy, paso\u017cyty, bakterie<\/strong> &#8211; szczeg\u00f3lnie <strong>Giardioza<\/strong>), przejawia jakiekolwiek objawy choroby (<strong>kaszel, katar<\/strong>), zatrucia (<strong>wymioty, biegunka<\/strong>) lub wyst\u0119puje u niego podejrzenie <strong>grzybicy<\/strong>, nie mo\u017ce bra\u0107 udzia\u0142u w zaj\u0119ciach.<\/li>\n<\/ol>\n\n\n\n<div style=\"height:100px\" aria-hidden=\"true\" class=\"wp-block-spacer\"><\/div>\n\n\n\n<h2 class=\"wp-block-heading\">Domowe konsultacje behawioralne<\/h2>\n\n\n\n<ol class=\"wp-block-list\">\n<li>Odwo\u0142anie zaj\u0119\u0107 przez kursanta: <br>Zaj\u0119cia mo\u017cna odwo\u0142a\u0107 poprzez wys\u0142anie do trenera wiadomo\u015bci SMS, telefonicznie lub skontaktowanie si\u0119 przez Instagram\/Facebook\/WhatsApp: <br>&#8211; bezp\u0142atnie: przynajmniej <strong>72 godziny<\/strong> przed planowanym spotkaniem<br>&#8211; 30% koszt\u00f3w spotkania: odwo\u0142anie zaj\u0119\u0107 dalej jak 72 godziny, ale nie p\u00f3\u017aniej jak 24 godziny przed spotkaniem<br>&#8211; ca\u0142kowite pokrycie koszt\u00f3w spotkania: odwo\u0142anie zaj\u0119\u0107 p\u00f3\u017aniej ni\u017c 24 godziny przed spotkaniem lub p\u00f3\u017aniej, lub nie pojawienie si\u0119 na zaj\u0119ciach.<\/li>\n\n\n\n<li>W razie sp\u00f3\u017anienia uczestnika, zaj\u0119cia trwaj\u0105 pozosta\u0142\u0105 cz\u0119\u015b\u0107 zaplanowanego czasu.<\/li>\n\n\n\n<li><strong>Je\u015bli kto\u015b z domownik\u00f3w jest chory<\/strong> lub przejawia objawy choroby (kaszel, katar, gor\u0105czka) &#8211; prosz\u0119 o zg\u0142oszenie tego faktu lub odwo\u0142anie zaj\u0119\u0107.<\/li>\n\n\n\n<li>Pies musi posiada\u0107 <strong>aktualne szczepienie przeciwko w\u015bciekli\u017anie<\/strong> (wyj\u0105tek stanowi\u0105 szczeniaki, kt\u00f3re nie uko\u0144czy\u0142y jeszcze pe\u0142nego cyklu szczepie\u0144).<\/li>\n\n\n\n<li>Je\u015bli pies jest chory (<strong>kaszel kennelowy, choroba Rubartha<\/strong>), w trakcie leczenia (<strong>wirusy, paso\u017cyty, bakterie<\/strong> &#8211; szczeg\u00f3lnie <strong>Giardioza<\/strong>), przejawia jakiekolwiek objawy choroby (<strong>kaszel, katar<\/strong>), zatrucia (<strong>wymioty, biegunka<\/strong>) lub wyst\u0119puje u niego podejrzenie <strong>grzybicy<\/strong>, prosz\u0119 to zg\u0142osi\u0107 przed spotkaniem.<\/li>\n\n\n\n<li>Prosz\u0119 specjalnie nie wywo\u0142ywa\u0107 sytuacji, kt\u00f3re spowoduj\u0105 przedstawienie przez psa problem\u00f3w behawioralnych &#8211; wystarczy mi dok\u0142adny opis lub nagrania przedstawiane podczas spotkania. <\/li>\n\n\n\n<li>Podczas wizyty najwa\u017cniejsze jest bezpiecze\u0144stwo ludzi &#8211; prosz\u0119 zadba\u0107 o to maksymalnie w miar\u0119 swoich mo\u017cliwo\u015bci lub skonsultowa\u0107 warunki z behawioryst\u0105 przed spotkaniem.<\/li>\n<\/ol>\n\n\n\n<div style=\"height:100px\" aria-hidden=\"true\" class=\"wp-block-spacer\"><\/div>\n\n\n<div class=\"wp-block-image\">\n<figure class=\"aligncenter size-large\"><img loading=\"lazy\" decoding=\"async\" width=\"1024\" height=\"683\" src=\"https:\/\/cotenpies.pl\/wp-content\/uploads\/2024\/01\/2021_0401_00232000-1024x683.jpg\" alt=\"\" class=\"wp-image-2266\"\/><\/figure><\/div>\n\n\n<div style=\"height:100px\" aria-hidden=\"true\" class=\"wp-block-spacer\"><\/div>\n\n\n\n<h4 class=\"wp-block-heading\">Odpowiedzi na najcz\u0119stsze w\u0105tpliwo\u015bci:<\/h4>\n\n\n\n<ul class=\"wp-block-list\">\n<li>Dlaczego klient ponosi koszty odwo\u0142anej wizyty?<br>Ka\u017cda zaplanowana godzina, jest godzin\u0105 mojej pracy zarobkowej. Je\u015bli spotkanie jest odwo\u0142ane w zbyt p\u00f3\u017anym czasie, jestem na tym stratna finansowo. Maj\u0105c wcze\u015bniejsz\u0105 informacje, jestem jeszcze w stanie zape\u0142ni\u0107 grafik i przyj\u0105\u0107 inn\u0105 osob\u0119 na woln\u0105 godzin\u0119.<\/li>\n\n\n\n<li>Dlaczego je\u015bli uczestnik si\u0119 sp\u00f3\u017ani, nie mo\u017cna przed\u0142u\u017cy\u0107 zaj\u0119\u0107?<br>Cz\u0119sto zaj\u0119cia mam zaplanowane jedne po drugich, nie mog\u0119 sobie pozwoli\u0107 na przesuni\u0119cie zaj\u0119\u0107 wszystkim pozosta\u0142ym uczestnikom danego dnia.<\/li>\n\n\n\n<li>Dlaczego pies z kaszlem nie mo\u017ce bra\u0107 udzia\u0142u w zaj\u0119ciach?<br>Niekt\u00f3re choroby s\u0105 zaka\u017ane i bardzo \u0142atwo si\u0119 przenosz\u0105, nie chcemy zara\u017ca\u0107 pozosta\u0142ych ps\u00f3w. Z placu korzystaj\u0105 r\u00f3wnie\u017c szczeniaki, kt\u00f3re przez obni\u017con\u0105 odporno\u015b\u0107 mog\u0105 bardzo \u0142atwo zachorowa\u0107.<\/li>\n\n\n\n<li>Dlaczego je\u015bli pies jest chory, a wizyta jest domowa, nale\u017cy zg\u0142asza\u0107 jego choroby?<br>Mo\u017ce si\u0119 zdarzy\u0107, \u017ce po wizycie u takiego psa, mam wizyt\u0119 u szczeniaka &#8211; jestem w stanie przenie\u015b\u0107 zarazki cho\u0107by pod obuwiem &#8211; chodzi o zminimalizowanie ryzyka.<\/li>\n\n\n\n<li>Dlaczego nie mo\u017cna wywo\u0142a\u0107 sytuacji problemowej, aby behawiorysta zobaczy\u0142 jak to wygl\u0105da?<br>Nie chcemy wprowadza\u0107 psa w niepotrzebny stres lub wywo\u0142ywa\u0107 sytuacji potencjalnie niebezpiecznych. Dok\u0142adny opis zachowania lub nagra\u0144 w zupe\u0142no\u015bci wystarcz\u0105.<\/li>\n<\/ul>\n","protected":false},"excerpt":{"rendered":"<p>Uczestnictwo w zaj\u0119ciach jest jednoznaczne z akceptacj\u0105 tego regulaminu. Na ko\u0144cu wpisu kr\u00f3tkie wyja\u015bnienie w zwi\u0105zku z cz\u0119sto zadawanymi pytaniami odno\u015bnie niekt\u00f3rych zasad. Treningi indywidualne na placu oraz treningi grupowe Domowe konsultacje behawioralne Odpowiedzi na najcz\u0119stsze w\u0105tpliwo\u015bci:<\/p>\n","protected":false},"author":2,"featured_media":2266,"parent":0,"menu_order":0,"comment_status":"closed","ping_status":"closed","template":"","meta":{"_monsterinsights_skip_tracking":false,"_monsterinsights_sitenote_active":false,"_monsterinsights_sitenote_note":"","_monsterinsights_sitenote_category":0,"footnotes":""},"class_list":["post-2254","page","type-page","status-publish","has-post-thumbnail","hentry"],"featured_image_src":"https:\/\/cotenpies.pl\/wp-content\/uploads\/2024\/01\/2021_0401_00232000-e1737927611416.jpg","yoast_head":"<!-- This site is optimized with the Yoast SEO plugin v23.5 - https:\/\/yoast.com\/wordpress\/plugins\/seo\/ -->\n<title>Regulamin uczestnictwa w spotkaniach - CO TEN PIES?!<\/title>\n<meta name=\"robots\" content=\"index, follow, max-snippet:-1, max-image-preview:large, max-video-preview:-1\" \/>\n<link rel=\"canonical\" href=\"https:\/\/cotenpies.pl\/index.php\/regulamin\/\" \/>\n<meta property=\"og:locale\" content=\"pl_PL\" \/>\n<meta property=\"og:type\" content=\"article\" \/>\n<meta property=\"og:title\" content=\"Regulamin uczestnictwa w spotkaniach - CO TEN PIES?!\" \/>\n<meta property=\"og:description\" content=\"Uczestnictwo w zaj\u0119ciach jest jednoznaczne z akceptacj\u0105 tego regulaminu. Na ko\u0144cu wpisu kr\u00f3tkie wyja\u015bnienie w zwi\u0105zku z cz\u0119sto zadawanymi pytaniami odno\u015bnie niekt\u00f3rych zasad. Treningi indywidualne na placu oraz treningi grupowe Domowe konsultacje behawioralne Odpowiedzi na najcz\u0119stsze w\u0105tpliwo\u015bci:\" \/>\n<meta property=\"og:url\" content=\"https:\/\/cotenpies.pl\/index.php\/regulamin\/\" \/>\n<meta property=\"og:site_name\" content=\"CO TEN PIES?!\" \/>\n<meta property=\"article:publisher\" content=\"https:\/\/www.facebook.com\/CoTenPies\" \/>\n<meta property=\"article:modified_time\" content=\"2025-02-12T22:54:29+00:00\" \/>\n<meta property=\"og:image\" content=\"https:\/\/cotenpies.pl\/wp-content\/uploads\/2024\/01\/2021_0401_00232000-e1737927611416.jpg\" \/>\n\t<meta property=\"og:image:width\" content=\"1000\" \/>\n\t<meta property=\"og:image:height\" content=\"667\" \/>\n\t<meta property=\"og:image:type\" content=\"image\/jpeg\" \/>\n<meta name=\"twitter:card\" content=\"summary_large_image\" \/>\n<meta name=\"twitter:label1\" content=\"Szacowany czas czytania\" \/>\n\t<meta name=\"twitter:data1\" content=\"4 minuty\" \/>\n<script type=\"application\/ld+json\" class=\"yoast-schema-graph\">{\"@context\":\"https:\/\/schema.org\",\"@graph\":[{\"@type\":\"WebPage\",\"@id\":\"https:\/\/cotenpies.pl\/index.php\/regulamin\/\",\"url\":\"https:\/\/cotenpies.pl\/index.php\/regulamin\/\",\"name\":\"Regulamin uczestnictwa w spotkaniach - CO TEN PIES?!\",\"isPartOf\":{\"@id\":\"https:\/\/cotenpies.pl\/#website\"},\"primaryImageOfPage\":{\"@id\":\"https:\/\/cotenpies.pl\/index.php\/regulamin\/#primaryimage\"},\"image\":{\"@id\":\"https:\/\/cotenpies.pl\/index.php\/regulamin\/#primaryimage\"},\"thumbnailUrl\":\"https:\/\/cotenpies.pl\/wp-content\/uploads\/2024\/01\/2021_0401_00232000-e1737927611416.jpg\",\"datePublished\":\"2024-01-11T16:40:55+00:00\",\"dateModified\":\"2025-02-12T22:54:29+00:00\",\"breadcrumb\":{\"@id\":\"https:\/\/cotenpies.pl\/index.php\/regulamin\/#breadcrumb\"},\"inLanguage\":\"pl-PL\",\"potentialAction\":[{\"@type\":\"ReadAction\",\"target\":[\"https:\/\/cotenpies.pl\/index.php\/regulamin\/\"]}]},{\"@type\":\"ImageObject\",\"inLanguage\":\"pl-PL\",\"@id\":\"https:\/\/cotenpies.pl\/index.php\/regulamin\/#primaryimage\",\"url\":\"https:\/\/cotenpies.pl\/wp-content\/uploads\/2024\/01\/2021_0401_00232000-e1737927611416.jpg\",\"contentUrl\":\"https:\/\/cotenpies.pl\/wp-content\/uploads\/2024\/01\/2021_0401_00232000-e1737927611416.jpg\",\"width\":1000,\"height\":667},{\"@type\":\"BreadcrumbList\",\"@id\":\"https:\/\/cotenpies.pl\/index.php\/regulamin\/#breadcrumb\",\"itemListElement\":[{\"@type\":\"ListItem\",\"position\":1,\"name\":\"Home\",\"item\":\"https:\/\/cotenpies.pl\/\"},{\"@type\":\"ListItem\",\"position\":2,\"name\":\"Regulamin uczestnictwa w spotkaniach\"}]},{\"@type\":\"WebSite\",\"@id\":\"https:\/\/cotenpies.pl\/#website\",\"url\":\"https:\/\/cotenpies.pl\/\",\"name\":\"CO TEN PIES?!\",\"description\":\"Szkolenie ps\u00f3w, behawiorysta ps\u00f3w i kot\u00f3w\",\"publisher\":{\"@id\":\"https:\/\/cotenpies.pl\/#organization\"},\"alternateName\":\"Szkolenie ps\u00f3w Asia Jankowska\",\"potentialAction\":[{\"@type\":\"SearchAction\",\"target\":{\"@type\":\"EntryPoint\",\"urlTemplate\":\"https:\/\/cotenpies.pl\/?s={search_term_string}\"},\"query-input\":{\"@type\":\"PropertyValueSpecification\",\"valueRequired\":true,\"valueName\":\"search_term_string\"}}],\"inLanguage\":\"pl-PL\"},{\"@type\":\"Organization\",\"@id\":\"https:\/\/cotenpies.pl\/#organization\",\"name\":\"Co ten pies?! - Szkolenie ps\u00f3w - Behawiorysta ps\u00f3w i kot\u00f3w\",\"alternateName\":\"Szkolenie ps\u00f3w, behawiorysta ps\u00f3w\",\"url\":\"https:\/\/cotenpies.pl\/\",\"logo\":{\"@type\":\"ImageObject\",\"inLanguage\":\"pl-PL\",\"@id\":\"https:\/\/cotenpies.pl\/#\/schema\/logo\/image\/\",\"url\":\"https:\/\/cotenpies.pl\/wp-content\/uploads\/2021\/03\/cropped-cropped-Logo-2-1.png\",\"contentUrl\":\"https:\/\/cotenpies.pl\/wp-content\/uploads\/2021\/03\/cropped-cropped-Logo-2-1.png\",\"width\":3776,\"height\":2790,\"caption\":\"Co ten pies?! - Szkolenie ps\u00f3w - Behawiorysta ps\u00f3w i kot\u00f3w\"},\"image\":{\"@id\":\"https:\/\/cotenpies.pl\/#\/schema\/logo\/image\/\"},\"sameAs\":[\"https:\/\/www.facebook.com\/CoTenPies\",\"https:\/\/www.instagram.com\/co_ten_pies\/\"]}]}<\/script>\n<!-- \/ Yoast SEO plugin. -->","yoast_head_json":{"title":"Regulamin uczestnictwa w spotkaniach - CO TEN PIES?!","robots":{"index":"index","follow":"follow","max-snippet":"max-snippet:-1","max-image-preview":"max-image-preview:large","max-video-preview":"max-video-preview:-1"},"canonical":"https:\/\/cotenpies.pl\/index.php\/regulamin\/","og_locale":"pl_PL","og_type":"article","og_title":"Regulamin uczestnictwa w spotkaniach - CO TEN PIES?!","og_description":"Uczestnictwo w zaj\u0119ciach jest jednoznaczne z akceptacj\u0105 tego regulaminu. Na ko\u0144cu wpisu kr\u00f3tkie wyja\u015bnienie w zwi\u0105zku z cz\u0119sto zadawanymi pytaniami odno\u015bnie niekt\u00f3rych zasad. Treningi indywidualne na placu oraz treningi grupowe Domowe konsultacje behawioralne Odpowiedzi na najcz\u0119stsze w\u0105tpliwo\u015bci:","og_url":"https:\/\/cotenpies.pl\/index.php\/regulamin\/","og_site_name":"CO TEN PIES?!","article_publisher":"https:\/\/www.facebook.com\/CoTenPies","article_modified_time":"2025-02-12T22:54:29+00:00","og_image":[{"width":1000,"height":667,"url":"https:\/\/cotenpies.pl\/wp-content\/uploads\/2024\/01\/2021_0401_00232000-e1737927611416.jpg","type":"image\/jpeg"}],"twitter_card":"summary_large_image","twitter_misc":{"Szacowany czas czytania":"4 minuty"},"schema":{"@context":"https:\/\/schema.org","@graph":[{"@type":"WebPage","@id":"https:\/\/cotenpies.pl\/index.php\/regulamin\/","url":"https:\/\/cotenpies.pl\/index.php\/regulamin\/","name":"Regulamin uczestnictwa w spotkaniach - CO TEN PIES?!","isPartOf":{"@id":"https:\/\/cotenpies.pl\/#website"},"primaryImageOfPage":{"@id":"https:\/\/cotenpies.pl\/index.php\/regulamin\/#primaryimage"},"image":{"@id":"https:\/\/cotenpies.pl\/index.php\/regulamin\/#primaryimage"},"thumbnailUrl":"https:\/\/cotenpies.pl\/wp-content\/uploads\/2024\/01\/2021_0401_00232000-e1737927611416.jpg","datePublished":"2024-01-11T16:40:55+00:00","dateModified":"2025-02-12T22:54:29+00:00","breadcrumb":{"@id":"https:\/\/cotenpies.pl\/index.php\/regulamin\/#breadcrumb"},"inLanguage":"pl-PL","potentialAction":[{"@type":"ReadAction","target":["https:\/\/cotenpies.pl\/index.php\/regulamin\/"]}]},{"@type":"ImageObject","inLanguage":"pl-PL","@id":"https:\/\/cotenpies.pl\/index.php\/regulamin\/#primaryimage","url":"https:\/\/cotenpies.pl\/wp-content\/uploads\/2024\/01\/2021_0401_00232000-e1737927611416.jpg","contentUrl":"https:\/\/cotenpies.pl\/wp-content\/uploads\/2024\/01\/2021_0401_00232000-e1737927611416.jpg","width":1000,"height":667},{"@type":"BreadcrumbList","@id":"https:\/\/cotenpies.pl\/index.php\/regulamin\/#breadcrumb","itemListElement":[{"@type":"ListItem","position":1,"name":"Home","item":"https:\/\/cotenpies.pl\/"},{"@type":"ListItem","position":2,"name":"Regulamin uczestnictwa w spotkaniach"}]},{"@type":"WebSite","@id":"https:\/\/cotenpies.pl\/#website","url":"https:\/\/cotenpies.pl\/","name":"CO TEN PIES?!","description":"Szkolenie ps\u00f3w, behawiorysta ps\u00f3w i kot\u00f3w","publisher":{"@id":"https:\/\/cotenpies.pl\/#organization"},"alternateName":"Szkolenie ps\u00f3w Asia Jankowska","potentialAction":[{"@type":"SearchAction","target":{"@type":"EntryPoint","urlTemplate":"https:\/\/cotenpies.pl\/?s={search_term_string}"},"query-input":{"@type":"PropertyValueSpecification","valueRequired":true,"valueName":"search_term_string"}}],"inLanguage":"pl-PL"},{"@type":"Organization","@id":"https:\/\/cotenpies.pl\/#organization","name":"Co ten pies?! - Szkolenie ps\u00f3w - Behawiorysta ps\u00f3w i kot\u00f3w","alternateName":"Szkolenie ps\u00f3w, behawiorysta ps\u00f3w","url":"https:\/\/cotenpies.pl\/","logo":{"@type":"ImageObject","inLanguage":"pl-PL","@id":"https:\/\/cotenpies.pl\/#\/schema\/logo\/image\/","url":"https:\/\/cotenpies.pl\/wp-content\/uploads\/2021\/03\/cropped-cropped-Logo-2-1.png","contentUrl":"https:\/\/cotenpies.pl\/wp-content\/uploads\/2021\/03\/cropped-cropped-Logo-2-1.png","width":3776,"height":2790,"caption":"Co ten pies?! - Szkolenie ps\u00f3w - Behawiorysta ps\u00f3w i kot\u00f3w"},"image":{"@id":"https:\/\/cotenpies.pl\/#\/schema\/logo\/image\/"},"sameAs":["https:\/\/www.facebook.com\/CoTenPies","https:\/\/www.instagram.com\/co_ten_pies\/"]}]}},"_links":{"self":[{"href":"https:\/\/cotenpies.pl\/index.php\/wp-json\/wp\/v2\/pages\/2254","targetHints":{"allow":["GET"]}}],"collection":[{"href":"https:\/\/cotenpies.pl\/index.php\/wp-json\/wp\/v2\/pages"}],"about":[{"href":"https:\/\/cotenpies.pl\/index.php\/wp-json\/wp\/v2\/types\/page"}],"author":[{"embeddable":true,"href":"https:\/\/cotenpies.pl\/index.php\/wp-json\/wp\/v2\/users\/2"}],"replies":[{"embeddable":true,"href":"https:\/\/cotenpies.pl\/index.php\/wp-json\/wp\/v2\/comments?post=2254"}],"version-history":[{"count":9,"href":"https:\/\/cotenpies.pl\/index.php\/wp-json\/wp\/v2\/pages\/2254\/revisions"}],"predecessor-version":[{"id":2625,"href":"https:\/\/cotenpies.pl\/index.php\/wp-json\/wp\/v2\/pages\/2254\/revisions\/2625"}],"wp:featuredmedia":[{"embeddable":true,"href":"https:\/\/cotenpies.pl\/index.php\/wp-json\/wp\/v2\/media\/2266"}],"wp:attachment":[{"href":"https:\/\/cotenpies.pl\/index.php\/wp-json\/wp\/v2\/media?parent=2254"}],"curies":[{"name":"wp","href":"https:\/\/api.w.org\/{rel}","templated":true}]}}